{"id":122,"date":"2014-05-08T19:14:05","date_gmt":"2014-05-08T17:14:05","guid":{"rendered":"http:\/\/localhost\/specular\/?page_id=122"},"modified":"2016-05-20T21:00:47","modified_gmt":"2016-05-20T19:00:47","slug":"about-us","status":"publish","type":"page","link":"https:\/\/agqsl.com\/es\/acerca-de-nosotros\/","title":{"rendered":"About Us"},"content":{"rendered":"<div class=\"wpb-content-wrapper\"><div id=\"fws_69f3eedf5f798\" class=\"vc_row wpb_row vc_row-fluid  animate_onoffset row-dynamic-el standard_section\" style=\"\" ><div  style=\"position: absolute;top: 0;\"><\/div><div class=\"container  dark\"><div class=\"section_clear\">\n\t<div class=\"vc_col-sm-4 wpb_column column_container\" style=\"\" data-animation=\"none\" data-delay=\"\">\n\t\t\t<div class=\"wpb_wrapper\">\n\t\t\t\t<div class=\"wpb_content_element block_title column_title inner-simple\"><h2 class=\"h1\">Qui\u00e9nes somos<\/h2><h2>M\u00e1s informaci\u00f3n<\/h2><\/div>\n\t<div class=\"wpb_text_column wpb_content_element\">\n\t\t<div class=\"wpb_wrapper\" >\n\t\t\t<p>Codeless ha sido silenciosa pero consistentemente la construcci\u00f3n de una cartera de potencia de dise\u00f1o de sitios web y el \u00e9xito de marketing. Hemos dise\u00f1ado, desarrollado, creado estrategias e implementado programas de marketing web y sitios wordpress para clientes m\u00e9dicos grandes y peque\u00f1os, fundaciones sin \u00e1nimo de lucro, agencias de dise\u00f1o, grupos inmobiliarios y peque\u00f1os clientes de servicios. Specular incluye todos nuestros a\u00f1os de experiencia en hacer web.<\/p>\n\n\t\t<\/div> \n\t<\/div> \n\t\t\t<\/div> \n\t<\/div> \n\n\t<div class=\"vc_col-sm-8 wpb_column column_container\" style=\"\" data-animation=\"none\" data-delay=\"\">\n\t\t\t<div class=\"wpb_wrapper\">\n\t\t\t\t<div class=\"wpb_content_element block_title column_title inner-simple\"><h2 class=\"h1\">Por qu\u00e9 elegirnos<\/h2><h2>Eche un vistazo a nuestros fundamentos empresariales<\/h2><\/div><div class=\"vc_row wpb_row vc_inner vc_row-fluid\"><div class=\"wpb_column vc_column_container vc_col-sm-6\"><div class=\"vc_column-inner\"><div class=\"wpb_wrapper\"><div class=\"wpb_content_element list\" style=\"\"><ul data-icon=\"steadysets-icon-checkmark\">\n\t\t\t\t<li class=\"titledesc\"><dl class=\"dl-horizontal\"><dt><span class=\"circle\"><i class=\"\" style=\"color:#1E73BE;\"><\/i><\/span><\/dt><dd><h6>Construir para m\u00faltiples plataformas<\/h6><p>Un dise\u00f1o web con capacidad de respuesta garantizar\u00e1 una experiencia de usuario de calidad para sus clientes en todas las plataformas.<\/p><\/dd><\/dl><\/li><li class=\"titledesc\"><dl class=\"dl-horizontal\"><dt><span class=\"circle\"><i class=\"\" style=\"color:#1E73BE;\"><\/i><\/span><\/dt><dd><h6>El c\u00f3digo correcto<\/h6><p>Se recomienda que su nuevo sitio web se construya utilizando los lenguajes CSS3 y HTML5.<\/p><\/dd><\/dl><\/li><\/ul><\/div><\/div><\/div><\/div><div class=\"wpb_column vc_column_container vc_col-sm-6\"><div class=\"vc_column-inner\"><div class=\"wpb_wrapper\"><div class=\"wpb_content_element list\" style=\"\"><ul data-icon=\"steadysets-icon-checkmark\">\n\t\t\t\t<li class=\"titledesc\"><dl class=\"dl-horizontal\"><dt><span class=\"circle\"><i class=\"\" style=\"color:#1E73BE;\"><\/i><\/span><\/dt><dd><h6>El sistema de gesti\u00f3n de contenidos<\/h6><p>El CMS simplificar\u00e1 todas las tareas de su sitio web. Especular construir con WordPress<\/p><\/dd><\/dl><\/li><li class=\"titledesc\"><dl class=\"dl-horizontal\"><dt><span class=\"circle\"><i class=\"\" style=\"color:#1E73BE;\"><\/i><\/span><\/dt><dd><h6>Alta conversi\u00f3n <\/h6><p>Convierta una gran cantidad de sus visitas en ventas y \u00e9xito con Specular<\/p><\/dd><\/dl><\/li><\/ul><\/div><\/div><\/div><\/div><\/div>\n\t\t\t<\/div> \n\t<\/div> \n<\/div><\/div><\/div><div id=\"fws_69f3eedf5febe\" class=\"vc_row wpb_row vc_row-fluid  animate_onoffset row-dynamic-el section-style\" style=\"background-color: #f5f5f5; \" ><div  style=\"position: absolute;top: 0;\"><\/div><div class=\"container  dark\"><div class=\"section_clear\">\n\t<div class=\"vc_col-sm-12 wpb_column column_container\" style=\"\" data-animation=\"none\" data-delay=\"\">\n\t\t\t<div class=\"wpb_wrapper\">\n\t\t\t\t<div class=\"wpb_content_element block_title section_title inner-square\"><h2 class=\"h1\">Conozca al equipo de Specular<\/h2><span class=\"divider\"><span class=\"line\"><\/span><span class=\"circle\"><\/span><span class=\"line\"><\/span><\/span><\/div><div class=\"vc_row wpb_row vc_inner vc_row-fluid\"><div class=\"wpb_column vc_column_container vc_col-sm-4\"><div class=\"vc_column-inner\"><div class=\"wpb_wrapper\"><div class=\"wpb_content_element\"><div class=\"single_staff style_1\"><div class=\"he-wrap tpl2\"><div class=\"featured_img\"><img decoding=\"async\" src=\"https:\/\/agqsl.com\/wp-content\/uploads\/2014\/05\/amg_cutmypic_bw-293x270.png\" alt=\"Team Image\"><div class=\"overlay he-view\"><div class=\"bg a0\" data-animate=\"fadeIn\"><div class=\"center-bar\"><a href=\"#\" class=\"a1\" data-animate=\"fadeInUp\" title=\"Facebook\"><i class=\"moon-facebook\"><\/i><\/a><a href=\"#\" class=\"a1\" data-animate=\"fadeInUp\" title=\"Twitter\"><i class=\"moon-twitter\"><\/i><\/a><a href=\"#\" class=\"a1\" data-animate=\"fadeInUp\" title=\"linkedin\"><i class=\"moon-linkedin\"><\/i><\/a><\/div><\/div><\/div><\/div><div class=\"content\"><h5>\u00c1ngel Gago<\/h5><span class=\"position\">Asesor cient\u00edfico<\/span><p>Asesor cient\u00edfico y socio<\/p><\/div><\/div><\/div><\/div><\/div><\/div><\/div><div class=\"wpb_column vc_column_container vc_col-sm-4\"><div class=\"vc_column-inner\"><div class=\"wpb_wrapper\"><div class=\"wpb_content_element\"><\/div><\/div><\/div><\/div><div class=\"wpb_column vc_column_container vc_col-sm-4\"><div class=\"vc_column-inner\"><div class=\"wpb_wrapper\"><div class=\"wpb_content_element\"><\/div><\/div><\/div><\/div><\/div>\n\t\t\t<\/div> \n\t<\/div> \n<\/div><\/div><\/div><div id=\"fws_69f3eedf611eb\" class=\"vc_row wpb_row vc_row-fluid  animate_onoffset row-dynamic-el standard_section\" style=\"\" ><div  style=\"position: absolute;top: 0;\"><\/div><div class=\"container  dark\"><div class=\"section_clear\">\n\t<div class=\"vc_col-sm-12 wpb_column column_container\" style=\"\" data-animation=\"none\" data-delay=\"\">\n\t\t\t<div class=\"wpb_wrapper\">\n\t\t\t\t<div class=\"wpb_content_element block_title section_title inner-square\"><h2 class=\"h1\">L\u00edder mundial en dise\u00f1o web<\/h2><span class=\"divider\"><span class=\"line\"><\/span><span class=\"circle\"><\/span><span class=\"line\"><\/span><\/span><\/div><div class=\"vc_row wpb_row vc_inner vc_row-fluid\"><div class=\"wpb_column vc_column_container vc_col-sm-4\"><div class=\"vc_column-inner\"><div class=\"wpb_wrapper\"><div class=\"services_small wpb_content_element align_left\"><dl class=\"dl-horizontal with_icon\">    <dt>        <i class=\"linecon-icon-display\" style=\"color:#1E73BE;\"><\/i>    <\/dt>    <dd>        <h4><a href=\"http:\/\/104.131.255.213\/specular\/default\/?page_id=449\">Blog innovador y atractivo<\/a><\/h4>    <div class=\"content\">         <div>Lorem ipsum dolor sit amet communitas erdum, lacus et vulputate, velit nulla commodo sem ipsum dolor sit amet.<\/div>    <\/div>    <\/dd><\/dl><\/div><div class=\"services_small wpb_content_element align_left\"><dl class=\"dl-horizontal with_icon\">    <dt>        <i class=\"linecon-icon-diamond\" style=\"color:#1E73BE;\"><\/i>    <\/dt>    <dd>        <h4><a href=\"#\">Realmente polivalente<\/a><\/h4>    <div class=\"content\">         <div>Lorem ipsum dolor sit amet communitas erdum, lacus et vulputate, velit nulla commodo sem ipsum dolor sit amet.<\/div>    <\/div>    <\/dd><\/dl><\/div><\/div><\/div><\/div><div class=\"wpb_column vc_column_container vc_col-sm-4\"><div class=\"vc_column-inner\"><div class=\"wpb_wrapper\"><div class=\"services_small wpb_content_element align_left\"><dl class=\"dl-horizontal with_icon\">    <dt>        <i class=\"linecon-icon-params\" style=\"color:#1E73BE;\"><\/i>    <\/dt>    <dd>        <h4><a href=\"#\">M\u00e1s de 30 dise\u00f1os de cartera<\/a><\/h4>    <div class=\"content\">         <div>Lorem ipsum dolor sit amet communitas erdum, lacus et vulputate, velit nulla commodo sem ipsum dolor sit amet.<\/div>    <\/div>    <\/dd><\/dl><\/div><div class=\"services_small wpb_content_element align_left\"><dl class=\"dl-horizontal with_icon\">    <dt>        <i class=\"linecon-icon-news\" style=\"color:#1E73BE;\"><\/i>    <\/dt>    <dd>        <h4><a href=\"#\">Deslizador personalizado sin c\u00f3digo<\/a><\/h4>    <div class=\"content\">         <div>Lorem ipsum dolor sit amet communitas erdum, lacus et vulputate, velit nulla commodo sem ipsum dolor sit amet.<\/div>    <\/div>    <\/dd><\/dl><\/div><\/div><\/div><\/div><div class=\"wpb_column vc_column_container vc_col-sm-4\"><div class=\"vc_column-inner\"><div class=\"wpb_wrapper\"><div class=\"services_small wpb_content_element align_left\"><dl class=\"dl-horizontal with_icon\">    <dt>        <i class=\"linecon-icon-user\" style=\"color:#1E73BE;\"><\/i>    <\/dt>    <dd>        <h4><a href=\"#\">Equipo de asistencia especializado<\/a><\/h4>    <div class=\"content\">         <div>Lorem ipsum dolor sit amet communitas erdum, lacus et vulputate, velit nulla commodo sem ipsum dolor sit amet.<\/div>    <\/div>    <\/dd><\/dl><\/div><div class=\"services_small wpb_content_element align_left\"><dl class=\"dl-horizontal with_icon\">    <dt>        <i class=\"linecon-icon-study\" style=\"color:#1E73BE;\"><\/i>    <\/dt>    <dd>        <h4><a href=\"#\">Creado con investigaci\u00f3n<\/a><\/h4>    <div class=\"content\">         <div>Lorem ipsum dolor sit amet communitas erdum, lacus et vulputate, velit nulla commodo sem ipsum dolor sit amet.<\/div>    <\/div>    <\/dd><\/dl><\/div><\/div><\/div><\/div><\/div>\n\t\t\t<\/div> \n\t<\/div> \n<\/div><\/div><\/div><div id=\"fws_69f3eedf6173c\" class=\"vc_row wpb_row vc_row-fluid  animate_onoffset row-dynamic-el section-style\" style=\"background-color: #f5f5f5; \" ><div  style=\"position: absolute;top: 0;\"><\/div><div class=\"container  dark\"><div class=\"section_clear\">\n\t<div class=\"vc_col-sm-12 wpb_column column_container\" style=\"\" data-animation=\"none\" data-delay=\"\">\n\t\t\t<div class=\"wpb_wrapper\">\n\t\t\t\t<div class=\"wpb_content_element block_title section_title inner-square\"><h2 class=\"h1\">Ayudamos a m\u00e1s de 2.000 clientes de todo el mundo<\/h2><span class=\"divider\"><span class=\"line\"><\/span><span class=\"circle\"><\/span><span class=\"line\"><\/span><\/span><\/div><div class=\"dark_clients clients_el\"><div class=\"pagination\"><a href=\"#\" class=\"prev\"><i class=\"icon-chevron-left\"><\/i><\/a><a href=\"#\" class=\"next\"><i class=\"icon-chevron-right\"><\/i><\/a><\/div><section class=\"row clients clients_caro\"><div class=\"item\"><a href=\"http:\/\/www.prinal.cl\" title=\"Prinal\" target=\"_self\"><img loading=\"lazy\" decoding=\"async\" width=\"234\" height=\"123\" src=\"https:\/\/agqsl.com\/wp-content\/uploads\/2015\/12\/logoprinal.jpg\" class=\"attachment-full size-full\" alt=\"\" \/><\/a><\/div><\/section><\/div>\n\t\t\t<\/div> \n\t<\/div> \n<\/div><\/div><\/div><div id=\"fws_69f3eedf62241\" class=\"vc_row wpb_row vc_row-fluid  animate_onoffset row-dynamic-el section-style\" style=\"background-color: #1E73BE; padding-top: 40px ; padding-bottom: 40px ; \" ><div  style=\"position: absolute;top: 0;\"><\/div><div class=\"container  light\"><div class=\"section_clear\">\n\t<div class=\"vc_col-sm-12 wpb_column column_container\" style=\"\" data-animation=\"none\" data-delay=\"\">\n\t\t\t<div class=\"wpb_wrapper\">\n\t\t\t\t<div class=\"textbar style_1 wpb_content_element\"><h2>\u00bfEst\u00e1s preparado para formar parte de nuestros m\u00e1s de 2000 clientes satisfechos por s\u00f3lo $55?<\/h2><a href=\"#\" class=\"btn-bt default\"><span>Comprar ahora<\/span><i class=\"steadysets-icon-download\"><\/i><\/a><\/div>\n\t\t\t<\/div> \n\t<\/div> \n<\/div><\/div><\/div>\n<\/div>","protected":false},"excerpt":{"rendered":"Asesor cient\u00edfico y socio","protected":false},"author":4,"featured_media":0,"parent":0,"menu_order":5,"comment_status":"closed","ping_status":"closed","template":"","meta":{"footnotes":""},"class_list":["post-122","page","type-page","status-publish","hentry"],"_links":{"self":[{"href":"https:\/\/agqsl.com\/es\/wp-json\/wp\/v2\/pages\/122","targetHints":{"allow":["GET"]}}],"collection":[{"href":"https:\/\/agqsl.com\/es\/wp-json\/wp\/v2\/pages"}],"about":[{"href":"https:\/\/agqsl.com\/es\/wp-json\/wp\/v2\/types\/page"}],"author":[{"embeddable":true,"href":"https:\/\/agqsl.com\/es\/wp-json\/wp\/v2\/users\/4"}],"replies":[{"embeddable":true,"href":"https:\/\/agqsl.com\/es\/wp-json\/wp\/v2\/comments?post=122"}],"version-history":[{"count":1,"href":"https:\/\/agqsl.com\/es\/wp-json\/wp\/v2\/pages\/122\/revisions"}],"predecessor-version":[{"id":2187,"href":"https:\/\/agqsl.com\/es\/wp-json\/wp\/v2\/pages\/122\/revisions\/2187"}],"wp:attachment":[{"href":"https:\/\/agqsl.com\/es\/wp-json\/wp\/v2\/media?parent=122"}],"curies":[{"name":"wp","href":"https:\/\/api.w.org\/{rel}","templated":true}]}}