{"id":2000,"date":"2016-05-08T22:32:43","date_gmt":"2016-05-08T20:32:43","guid":{"rendered":"http:\/\/wp.agqsl.com\/contact-us-2-2-copy\/"},"modified":"2025-09-24T22:56:27","modified_gmt":"2025-09-24T20:56:27","slug":"contact","status":"publish","type":"page","link":"https:\/\/agqsl.com\/es\/pongase-en-contacto-con\/","title":{"rendered":"P\u00f3ngase en contacto con nosotros"},"content":{"rendered":"<div class=\"wpb-content-wrapper\"><div id=\"fws_69df151c82f8d\" class=\"vc_row wpb_row vc_row-fluid  animate_onoffset row-dynamic-el full-width-content section-style\" style=\"\" ><div  style=\"position: absolute;top: 0;\"><\/div><div class=\"col span_12  dark\">\n\t<div class=\"vc_col-sm-12 wpb_column column_container\" style=\"\" data-animation=\"none\" data-delay=\"\">\n\t\t\t<div class=\"wpb_wrapper\">\n\t\t\t\t<div class=\"wpb_content_element\"><div class=\"row-fluid row-google-map\" style=\"position:relative; height:350px;\"><iframe class=\"googlemap\" style=\"height:350px;\" frameborder=\"0\" scrolling=\"no\" marginheight=\"0\" marginwidth=\"0\" src=\"https:\/\/www.google.com\/maps\/embed?pb=!1m18!1m12!1m3!1d1107.6494551349615!2d-3.6240076114881896!3d40.43778187368917!2m3!1f0!2f0!3f0!3m2!1i1024!2i768!4f13.1!3m3!1m2!1s0xd422f0afe9b9637%3A0xc9884c4c4aa423c8!2sAGQ+Nutrition!5e0!3m2!1sen!2ses!4v1444679554831&amp;output=embed\"><\/iframe><div class=\"desc\"><\/div><\/div><\/div>\n\t\t\t<\/div> \n\t<\/div> \n<\/div><\/div><div id=\"fws_69df151c83136\" class=\"vc_row wpb_row vc_row-fluid  animate_onoffset row-dynamic-el standard_section\" style=\"\" ><div  style=\"position: absolute;top: 0;\"><\/div><div class=\"container  dark\"><div class=\"section_clear\">\n\t<div class=\"vc_col-sm-4 wpb_column column_container\" style=\"\" data-animation=\"none\" data-delay=\"\">\n\t\t\t<div class=\"wpb_wrapper\">\n\t\t\t\t<div class=\"wpb_content_element block_title column_title inner-simple\"><h2 class=\"h1\">D\u00f3nde encontrarnos<\/h2><\/div>\n\t<div class=\"wpb_text_column wpb_content_element\">\n\t\t<div class=\"wpb_wrapper\" >\n\t\t\t<p>Nuestras nuevas oficinas est\u00e1n situadas en la zona empresarial de Simancas<\/p>\n\n\t\t<\/div> \n\t<\/div> <div class=\"wpb_content_element list\" style=\"\"><ul data-icon=\"linecon-icon-location\">\n\t\t\t\t<li class=\"simple\"><i class=\"steadysets-icon-map-marker\" style=\"color:#1e73be;\"><\/i>Miguel Yuste 29, P01, 28037 Madrid, Espa\u00f1a<\/li><\/ul><\/div><div class=\"wpb_content_element list\" style=\"\"><ul data-icon=\"moon-phone-5\">\n\t\t\t\t<li class=\"simple\"><i class=\"moon-phone-4\" style=\"color:#1e73be;\"><\/i><a href=\"tel:+34%2091%20386%2081%2060\">+34 91 3868160<\/a><\/li><\/ul><\/div><div class=\"wpb_content_element list\" style=\"\"><ul data-icon=\"linecon-icon-mail\">\n\t\t\t\t<li class=\"simple\"><i class=\"\" style=\"color:#1E73BE;\"><\/i>info@agqsl.com<\/li><\/ul><\/div><div class=\"codeless_separator\" style=\" height:4px;  margin-top:20px;  margin-bottom:20px; \"><span class=\"separator\" style=\" width:150px;  background:#bfbfbf;  left:0; height:100%; position:absolute;\"><\/span><\/div><div class=\"wpb_content_element list\" style=\"\"><ul data-icon=\"moon-location-2\">\n\t\t\t\t<li class=\"titledesc\"><dl class=\"dl-horizontal\"><dt><span class=\"circle\"><i class=\"steadysets-icon-map-marker\" style=\"color:#1e73be;\"><\/i><\/span><\/dt><dd><h6>Oficinas registradas<\/h6><p>Gavilanes,1, 28035 Madrid, Espa\u00f1a<\/p><\/dd><\/dl><\/li><\/ul><\/div>\n\t\t\t<\/div> \n\t<\/div> \n\n\t<div class=\"vc_col-sm-8 wpb_column column_container\" style=\"\" data-animation=\"none\" data-delay=\"\">\n\t\t\t<div class=\"wpb_wrapper\">\n\t\t\t\t<div class=\"wpb_content_element block_title column_title inner-simple\"><h2 class=\"h1\">Con\u00e9ctate<\/h2><\/div>\n\t<div class=\"wpb_text_column wpb_content_element\">\n\t\t<div class=\"wpb_wrapper\" >\n\t\t\t<p>AGQ Nutrition, estrat\u00e9gicamente situada en el coraz\u00f3n de Madrid (Espa\u00f1a), es un punto clave para ofrecer un servicio r\u00e1pido en Espa\u00f1a y Portugal. El papel de Madrid como principal centro de conexi\u00f3n entre Europa y Sudam\u00e9rica beneficia significativamente nuestras operaciones. Nuestra amplia gama de productos especializados est\u00e1 dise\u00f1ada para mejorar la eficiencia. Adem\u00e1s de estos productos, ofrecemos una variedad de seminarios y servicios adaptados a los ganaderos de toda Espa\u00f1a, Europa y Sudam\u00e9rica. Para obtener informaci\u00f3n detallada sobre nuestra oferta, o para realizar cualquier consulta, p\u00f3ngase en contacto con nosotros a trav\u00e9s del siguiente formulario.<\/p>\n\n\t\t<\/div> \n\t<\/div> \n<div class=\"wpcf7 no-js\" id=\"wpcf7-f1998-o1\" lang=\"en-US\" dir=\"ltr\" data-wpcf7-id=\"1998\">\n<div class=\"screen-reader-response\"><p role=\"status\" aria-live=\"polite\" aria-atomic=\"true\"><\/p> <ul><\/ul><\/div>\n<form action=\"\/es\/wp-json\/wp\/v2\/pages\/2000#wpcf7-f1998-o1\" method=\"post\" class=\"wpcf7-form init\" aria-label=\"Formulario de contacto\" novalidate=\"novalidate\" data-status=\"init\" data-trp-original-action=\"\/es\/wp-json\/wp\/v2\/pages\/2000#wpcf7-f1998-o1\">\n<fieldset class=\"hidden-fields-container\"><input type=\"hidden\" name=\"_wpcf7\" value=\"1998\" \/><input type=\"hidden\" name=\"_wpcf7_version\" value=\"6.1.5\" \/><input type=\"hidden\" name=\"_wpcf7_locale\" value=\"en_US\" \/><input type=\"hidden\" name=\"_wpcf7_unit_tag\" value=\"wpcf7-f1998-o1\" \/><input type=\"hidden\" name=\"_wpcf7_container_post\" value=\"0\" \/><input type=\"hidden\" name=\"_wpcf7_posted_data_hash\" value=\"\" \/><input type=\"hidden\" name=\"_wpcf7_recaptcha_response\" value=\"\" \/>\n<\/fieldset>\n<p>Su nombre (obligatorio)\n<\/p>\n<p><span class=\"wpcf7-form-control-wrap\" data-name=\"your-name\"><input size=\"40\" maxlength=\"400\" class=\"wpcf7-form-control wpcf7-text wpcf7-validates-as-required\" aria-required=\"true\" aria-invalid=\"false\" value=\"\" type=\"text\" name=\"your-name\" \/><\/span>\n<\/p>\n<p>Su empresa (obligatorio)\n<\/p>\n<p><span class=\"wpcf7-form-control-wrap\" data-name=\"your-company\"><input size=\"40\" maxlength=\"400\" class=\"wpcf7-form-control wpcf7-text wpcf7-validates-as-required\" aria-required=\"true\" aria-invalid=\"false\" value=\"\" type=\"text\" name=\"your-company\" \/><\/span>\n<\/p>\n<p>Pa\u00eds (obligatorio)\n<\/p>\n<p><span class=\"wpcf7-form-control-wrap\" data-name=\"country\"><input size=\"40\" maxlength=\"400\" class=\"wpcf7-form-control wpcf7-text wpcf7-validates-as-required\" aria-required=\"true\" aria-invalid=\"false\" value=\"\" type=\"text\" name=\"country\" \/><\/span>\n<\/p>\n<p>Su correo electr\u00f3nico (obligatorio)\n<\/p>\n<p><span class=\"wpcf7-form-control-wrap\" data-name=\"your-email\"><input size=\"40\" maxlength=\"400\" class=\"wpcf7-form-control wpcf7-email wpcf7-validates-as-required wpcf7-text wpcf7-validates-as-email\" aria-required=\"true\" aria-invalid=\"false\" value=\"\" type=\"email\" name=\"your-email\" \/><\/span>\n<\/p>\n<p>Asunto\n<\/p>\n<p><span class=\"wpcf7-form-control-wrap\" data-name=\"your-subject\"><input size=\"40\" maxlength=\"400\" class=\"wpcf7-form-control wpcf7-text\" aria-invalid=\"false\" value=\"\" type=\"text\" name=\"your-subject\" \/><\/span>\n<\/p>\n<p>Su mensaje\n<\/p>\n<p><span class=\"wpcf7-form-control-wrap\" data-name=\"your-message\"><textarea cols=\"40\" rows=\"10\" maxlength=\"2000\" class=\"wpcf7-form-control wpcf7-textarea\" aria-invalid=\"false\" name=\"your-message\"><\/textarea><\/span>\n<\/p>\n<p><input class=\"wpcf7-form-control wpcf7-submit has-spinner\" type=\"submit\" value=\"Enviar\" \/>\n<\/p><div class=\"wpcf7-response-output\" aria-hidden=\"true\"><\/div>\n<input type=\"hidden\" name=\"trp-form-language\" value=\"es\"\/><\/form>\n<\/div>\n\n\t\t\t<\/div> \n\t<\/div> \n<\/div><\/div><\/div><div id=\"fws_69df151c844e4\" class=\"vc_row wpb_row vc_row-fluid  animate_onoffset row-dynamic-el section-style\" style=\"background-color: #1E73BE; padding-top: 30px ; padding-bottom: 30px ; \" ><div  style=\"position: absolute;top: 0;\"><\/div><div class=\"container  light\"><div class=\"section_clear\">\n\t<div class=\"vc_col-sm-12 wpb_column column_container\" style=\"\" data-animation=\"none\" data-delay=\"\">\n\t\t\t<div class=\"wpb_wrapper\">\n\t\t\t\t<div class=\"textbar style_1 wpb_content_element\"><h2>No dude en ponerse en contacto con nosotros por tel\u00e9fono<\/h2><a href=\"tel:+34%2091%20386%2081%2060\" class=\"btn-bt default\"><span>Empezar ahora<\/span><i class=\"moon-call-outgoing\"><\/i><\/a><\/div>\n\t\t\t<\/div> \n\t<\/div> \n<\/div><\/div><\/div>\n<\/div>","protected":false},"excerpt":{"rendered":"Where to Find Us Our new offices are located in the business area of Simancas Miguel Yuste 29, P01, 28037 Madrid, Spain +34 91 3868160 info@agqsl.com Registered OfficesGavilanes,1, 28035 Madrid, Spain Get connected AGQ Nutrition, strategically situated in the heart of Madrid, Spain, serves as a pivotal location for rapid service across Spain and Portugal. [...]","protected":false},"author":4,"featured_media":0,"parent":0,"menu_order":39,"comment_status":"closed","ping_status":"closed","template":"","meta":{"footnotes":""},"class_list":["post-2000","page","type-page","status-publish","hentry"],"_links":{"self":[{"href":"https:\/\/agqsl.com\/es\/wp-json\/wp\/v2\/pages\/2000","targetHints":{"allow":["GET"]}}],"collection":[{"href":"https:\/\/agqsl.com\/es\/wp-json\/wp\/v2\/pages"}],"about":[{"href":"https:\/\/agqsl.com\/es\/wp-json\/wp\/v2\/types\/page"}],"author":[{"embeddable":true,"href":"https:\/\/agqsl.com\/es\/wp-json\/wp\/v2\/users\/4"}],"replies":[{"embeddable":true,"href":"https:\/\/agqsl.com\/es\/wp-json\/wp\/v2\/comments?post=2000"}],"version-history":[{"count":15,"href":"https:\/\/agqsl.com\/es\/wp-json\/wp\/v2\/pages\/2000\/revisions"}],"predecessor-version":[{"id":5264,"href":"https:\/\/agqsl.com\/es\/wp-json\/wp\/v2\/pages\/2000\/revisions\/5264"}],"wp:attachment":[{"href":"https:\/\/agqsl.com\/es\/wp-json\/wp\/v2\/media?parent=2000"}],"curies":[{"name":"wp","href":"https:\/\/api.w.org\/{rel}","templated":true}]}}