{"id":275,"date":"2014-05-18T17:54:42","date_gmt":"2014-05-18T15:54:42","guid":{"rendered":"http:\/\/localhost\/specular\/?page_id=275"},"modified":"2026-01-10T23:03:17","modified_gmt":"2026-01-10T22:03:17","slug":"services","status":"publish","type":"page","link":"https:\/\/agqsl.com\/es\/servicios\/","title":{"rendered":"Servicios"},"content":{"rendered":"<div class=\"wpb-content-wrapper\"><div id=\"fws_69e60b73ecaec\" class=\"vc_row wpb_row vc_row-fluid  animate_onoffset row-dynamic-el standard_section\" style=\"\" ><div  style=\"position: absolute;top: 0;\"><\/div><div class=\"container  dark\"><div class=\"section_clear\">\n\t<div class=\"vc_col-sm-12 wpb_column column_container\" style=\"\" data-animation=\"none\" data-delay=\"\">\n\t\t\t<div class=\"wpb_wrapper\">\n\t\t\t\t<div class=\"wpb_content_element block_title section_title inner-square\"><h2 class=\"h1\">Descubra c\u00f3mo AGQ puede colaborar con usted<\/h2><span class=\"divider\"><span class=\"line\"><\/span><span class=\"circle\"><\/span><span class=\"line\"><\/span><\/span><\/div><div class=\"vc_row wpb_row vc_inner vc_row-fluid\"><div class=\"wpb_column vc_column_container vc_col-sm-12\"><div class=\"vc_column-inner\"><div class=\"wpb_wrapper\">\n\t<div class=\"wpb_text_column wpb_content_element\">\n\t\t<div class=\"wpb_wrapper\" >\n\t\t\t<p style=\"text-align: center;\">Con m\u00e1s de 25 a\u00f1os de experiencia en la industria de piensos, AGQ Nutrition ofrece una amplia gama de servicios de nutrici\u00f3n, control de calidad y consultor\u00eda para la industria de piensos y ganader\u00eda.  Los servicios de consultor\u00eda en nutrici\u00f3n incluyen la evaluaci\u00f3n nutricional completa y la evaluaci\u00f3n de piensos. Tambi\u00e9n ofrecemos seminarios de nutrici\u00f3n en todo el mundo con informaci\u00f3n nueva, pr\u00e1ctica y comprensible para consultores y productores. Adem\u00e1s, podemos proporcionar redacci\u00f3n y publicaci\u00f3n sobre una variedad de temas, incluyendo prensa popular, redacci\u00f3n de aditivos para piensos para boletines t\u00e9cnicos y revisiones bibliogr\u00e1ficas completas.<\/p>\n\n\t\t<\/div> \n\t<\/div> <\/div><\/div><\/div><\/div>\n\t\t\t<\/div> \n\t<\/div> \n<\/div><\/div><\/div><div id=\"fws_69e60b73ecf2d\" class=\"vc_row wpb_row vc_row-fluid  animate_onoffset row-dynamic-el section-style\" style=\"background-color: #f5f5f5; padding-top: 20px ; padding-bottom: 20px ; \" ><div  style=\"position: absolute;top: 0;\"><\/div><div class=\"container  dark\"><div class=\"section_clear\">\n\t<div class=\"vc_col-sm-12 wpb_column column_container\" style=\"\" data-animation=\"none\" data-delay=\"\">\n\t\t\t<div class=\"wpb_wrapper\">\n\t\t\t\t<div class=\"wpb_content_element block_title section_title inner-square\"><h2 class=\"h1\">SERVICIOS<\/h2><span class=\"divider\"><span class=\"line\"><\/span><span class=\"circle\"><\/span><span class=\"line\"><\/span><\/span><\/div>\n\t\t\t<\/div> \n\t<\/div> \n<\/div><\/div><\/div><div id=\"fws_69e60b73ed044\" class=\"vc_row wpb_row vc_row-fluid  animate_onoffset row-dynamic-el section-style\" style=\"background-color: #f5f5f5; padding-top: 1px ; padding-bottom: 10px ; \" ><div  style=\"position: absolute;top: 0;\"><\/div><div class=\"container  dark\"><div class=\"section_clear\">\n\t<div class=\"vc_col-sm-6 wpb_column column_container\" style=\"\" data-animation=\"none\" data-delay=\"\">\n\t\t\t<div class=\"wpb_wrapper\">\n\t\t\t\t<div class=\"services_medium style_3 wpb_content_element\"><div class=\"icon_wrapper\" style=\"border:2px solid #1E73BE;\"><i class=\"moon-books\" style=\"color:#1E73BE;\"><\/i><\/div><h4><a href=\"#\">Investigaci\u00f3n<\/a><\/h4><p>\u00bfAtascado por el trabajo? \u00bfNo tiene tiempo para hacer su b\u00fasqueda bibliogr\u00e1fica? Nosotros podemos ayudarle. AGQ tiene acceso a una amplia gama de bases de datos cient\u00edficas.  Podemos proporcionarle la informaci\u00f3n que busca de forma filtrada y oportuna.<\/p><\/div><div class=\"vc_empty_space\"   style=\"height: 120px\"><span class=\"vc_empty_space_inner\"><\/span><\/div><div class=\"services_medium style_3 wpb_content_element\"><div class=\"icon_wrapper\" style=\"border:2px solid #1E73BE;\"><i class=\"moon-brain\" style=\"color:#1E73BE;\"><\/i><\/div><h4><a href=\"#\">Consultor\u00eda en nutrici\u00f3n l\u00e1ctea<\/a><\/h4><p>AGQ Nutrition ofrece servicios de consultor\u00eda en nutrici\u00f3n l\u00e1ctea, que incluyen la resoluci\u00f3n de problemas en la explotaci\u00f3n y la evaluaci\u00f3n de raciones.<\/p><\/div>\n\t\t\t<\/div> \n\t<\/div> \n\n\t<div class=\"vc_col-sm-6 wpb_column column_container\" style=\"\" data-animation=\"none\" data-delay=\"\">\n\t\t\t<div class=\"wpb_wrapper\">\n\t\t\t\t<div class=\"services_medium style_3 wpb_content_element\"><div class=\"icon_wrapper\" style=\"border:2px solid #1E73BE;\"><i class=\"moon-mic-5\" style=\"color:#1E73BE;\"><\/i><\/div><h4><a href=\"#\">Seminarios<\/a><\/h4><p>Reconocido como un comunicador excepcional, \u00c1ngel Gago ha sido ponente destacado en numerosas reuniones profesionales para productores y veterinarios en Espa\u00f1a y Sudam\u00e9rica.<\/p><\/div><div class=\"vc_empty_space\"   style=\"height: 120px\"><span class=\"vc_empty_space_inner\"><\/span><\/div><div class=\"services_medium style_3 wpb_content_element\"><div class=\"icon_wrapper\" style=\"border:2px solid #1E73BE;\"><i class=\"linecon-icon-lab\" style=\"color:#1E73BE;\"><\/i><\/div><h4><a href=\"#\">Control de calidad del laboratorio<\/a><\/h4><p>\u00bfNecesita realizar pruebas de laboratorio rutinarias en su producto, pero no sabe cu\u00e1l es la t\u00e9cnica ideal y rentable? AGQ tiene amplia experiencia en pruebas de materias primas y control de calidad en laboratorio.<\/p><\/div>\n\t\t\t<\/div> \n\t<\/div> \n<\/div><\/div><\/div><div id=\"fws_69e60b73ed3db\" class=\"vc_row wpb_row vc_row-fluid  animate_onoffset row-dynamic-el section-style     wpb_animate_when_almost_visible wpb_right-to-left right-to-left\" style=\"background-color: #1e73be; padding-top: 10px ; padding-bottom: 10px ; \" ><div  style=\"position: absolute;top: 0;\"><\/div><div class=\"container  light\"><div class=\"section_clear\">\n\t<div class=\"vc_col-sm-12 wpb_column column_container with_padding\" style=\"padding:1\" data-animation=\"none\" data-delay=\"\">\n\t\t\t<div class=\"wpb_wrapper\">\n\t\t\t\t<div class=\"textbar style_1 wpb_content_element\"><h2>Una empresa, infinitas posibilidades<\/h2><a href=\"http:\/\/172.233.111.100\/contact\/\" class=\"btn-bt default\"><span>Contacto<\/span><i class=\"moon-contract-3\"><\/i><\/a><\/div>\n\t\t\t<\/div> \n\t<\/div> \n<\/div><\/div><\/div>\n<\/div>","protected":false},"excerpt":{"rendered":"Learn How AGQ Can Partner with You With over 25 years of experience in the feed industry, AGQ Nutrition offers a broad range of nutrition, quality control and consulting services for the feed and livestock industry.\u00a0 Nutrition consulting services include complete nutritional assessment and feed evaluation. We also offer nutrition seminars across the world with [...]","protected":false},"author":4,"featured_media":2790,"parent":0,"menu_order":3,"comment_status":"closed","ping_status":"closed","template":"","meta":{"footnotes":""},"class_list":["post-275","page","type-page","status-publish","has-post-thumbnail","hentry"],"_links":{"self":[{"href":"https:\/\/agqsl.com\/es\/wp-json\/wp\/v2\/pages\/275","targetHints":{"allow":["GET"]}}],"collection":[{"href":"https:\/\/agqsl.com\/es\/wp-json\/wp\/v2\/pages"}],"about":[{"href":"https:\/\/agqsl.com\/es\/wp-json\/wp\/v2\/types\/page"}],"author":[{"embeddable":true,"href":"https:\/\/agqsl.com\/es\/wp-json\/wp\/v2\/users\/4"}],"replies":[{"embeddable":true,"href":"https:\/\/agqsl.com\/es\/wp-json\/wp\/v2\/comments?post=275"}],"version-history":[{"count":15,"href":"https:\/\/agqsl.com\/es\/wp-json\/wp\/v2\/pages\/275\/revisions"}],"predecessor-version":[{"id":2791,"href":"https:\/\/agqsl.com\/es\/wp-json\/wp\/v2\/pages\/275\/revisions\/2791"}],"wp:featuredmedia":[{"embeddable":true,"href":"https:\/\/agqsl.com\/es\/wp-json\/wp\/v2\/media\/2790"}],"wp:attachment":[{"href":"https:\/\/agqsl.com\/es\/wp-json\/wp\/v2\/media?parent=275"}],"curies":[{"name":"wp","href":"https:\/\/api.w.org\/{rel}","templated":true}]}}