{"id":2916,"date":"2024-01-10T19:46:30","date_gmt":"2024-01-10T18:46:30","guid":{"rendered":"https:\/\/www.agqsl.com\/earlyage-efficiency-copy\/"},"modified":"2026-01-10T23:10:33","modified_gmt":"2026-01-10T22:10:33","slug":"energy-efficiency","status":"publish","type":"page","link":"https:\/\/agqsl.com\/es\/eficiencia-energetica\/","title":{"rendered":"Eficiencia energ\u00e9tica"},"content":{"rendered":"<div class=\"wpb-content-wrapper\"><div id=\"fws_69e35787c0bdc\" class=\"vc_row wpb_row vc_row-fluid  animate_onoffset row-dynamic-el standard_section\" style=\"\" ><div  style=\"position: absolute;top: 0;\"><\/div><div class=\"container  dark\"><div class=\"section_clear\">\n\t<div class=\"vc_col-sm-12 wpb_column column_container\" style=\"\" data-animation=\"none\" data-delay=\"\">\n\t\t\t<div class=\"wpb_wrapper\">\n\t\t\t\t<div class=\"wpb_content_element block_title column_title inner-simple\"><h2 class=\"h1\">Periodo de transici\u00f3n, balance energ\u00e9tico negativo y eficiencia energ\u00e9tica<\/h2><\/div>\n\t<div class=\"wpb_text_column wpb_content_element\">\n\t\t<div class=\"wpb_wrapper\" >\n\t\t\t<p><span class=\"dropcaps square\" style=\"background:#d3992d; color:#ffffff!important\">E<\/span>n el \u00e1mbito de la ganader\u00eda, comprender y gestionar el balance energ\u00e9tico de los rumiantes, especialmente durante periodos cr\u00edticos como el preparto, es fundamental para mantener la salud de los animales y la productividad de las explotaciones. El periodo previo al parto se caracteriza por una compleja interacci\u00f3n entre las crecientes necesidades energ\u00e9ticas del animal y su ingesta real de energ\u00eda. A medida que los rumiantes se acercan al parto, su gasto energ\u00e9tico aumenta significativamente para apoyar el crecimiento fetal y la preparaci\u00f3n para la lactancia. Sin embargo, este aumento de la demanda suele coincidir con una disminuci\u00f3n de la ingesta de materia seca (IMD), lo que crea un dif\u00edcil desajuste.<\/p>\n<p>Este d\u00e9ficit energ\u00e9tico obliga al rumiante a movilizar r\u00e1pidamente sus reservas de grasa como fuente de energ\u00eda alternativa. Aunque se trata de una respuesta adaptativa natural, una movilizaci\u00f3n excesiva y r\u00e1pida de la grasa puede conducir a una espiral perjudicial. En un intento de compensar el d\u00e9ficit energ\u00e9tico, el organismo del animal descompone las reservas de grasa demasiado r\u00e1pido y en grandes cantidades. Esta r\u00e1pida descomposici\u00f3n de la grasa provoca una acumulaci\u00f3n de \u00e1cidos grasos en el h\u00edgado y una sobreproducci\u00f3n de cuerpos cet\u00f3nicos, lo que conduce a trastornos metab\u00f3licos como el s\u00edndrome del h\u00edgado graso y la cetosis.<\/p>\n<p>Estos trastornos no s\u00f3lo repercuten en la salud y el bienestar de los animales, sino que tambi\u00e9n tienen consecuencias de largo alcance en su productividad. El efecto en espiral de este desequilibrio energ\u00e9tico puede conducir a una cascada de problemas de salud, reducci\u00f3n de la producci\u00f3n de leche y problemas reproductivos tras el parto. Reconocer y tratar este desajuste energ\u00e9tico antes del parto es crucial. Implica una gesti\u00f3n nutricional cuidadosa, la supervisi\u00f3n de la condici\u00f3n corporal y pr\u00e1cticas de alimentaci\u00f3n estrat\u00e9gicas para garantizar una transici\u00f3n m\u00e1s suave del rumiante al periodo de lactaci\u00f3n, salvaguardando as\u00ed tanto la salud del animal como la productividad de la explotaci\u00f3n.<\/p>\n\n\t\t<\/div> \n\t<\/div> \n\t\t\t<\/div> \n\t<\/div> \n<\/div><\/div><\/div><div id=\"fws_69e35787c0f28\" class=\"vc_row wpb_row vc_row-fluid  animate_onoffset row-dynamic-el standard_section\" style=\"\" ><div  style=\"position: absolute;top: 0;\"><\/div><div class=\"container  dark\"><div class=\"section_clear\">\n\t<div class=\"vc_col-sm-6 wpb_column column_container\" style=\"\" data-animation=\"none\" data-delay=\"\">\n\t\t\t<div class=\"wpb_wrapper\">\n\t\t\t\t<div class=\"wpb_content_element block_title column_title inner-simple\"><h2 class=\"h1\">Salud reproductiva y riesgos tras el desequilibrio energ\u00e9tico<\/h2><\/div>\n\t<div class=\"wpb_text_column wpb_content_element\">\n\t\t<div class=\"wpb_wrapper\" >\n\t\t\t<p>Los desequilibrios energ\u00e9ticos que experimentan los rumiantes durante el periodo crucial de transici\u00f3n tienen un profundo impacto en su salud reproductiva. Este periodo, que abarca el tiempo que transcurre poco antes y despu\u00e9s del parto, es fundamental para sentar las bases del futuro rendimiento reproductivo y de lactaci\u00f3n de la vaca. Las vacas sobrecondicionadas, en particular, tienen un mayor riesgo de experimentar complicaciones reproductivas en ciclos posteriores. Estas complicaciones a menudo se manifiestan como intervalos entre partos prolongados, necesidad frecuente de repetidas cubriciones y tasas de pre\u00f1ez notablemente m\u00e1s bajas. Estos problemas son principalmente consecuencia del estr\u00e9s metab\u00f3lico que se produce durante la fase previa al parto.<\/p>\n<p>Estos problemas reproductivos tienen implicaciones de gran alcance, como la disminuci\u00f3n de la producci\u00f3n lechera y el aumento de las tasas de sacrificio. Una fertilidad deficiente y un rendimiento inferior al \u00f3ptimo son factores importantes que impulsan este aumento de las tasas de sacrificio, lo que supone una carga econ\u00f3mica considerable para las explotaciones. La reducci\u00f3n de la producci\u00f3n lechera no s\u00f3lo afecta al ciclo de lactaci\u00f3n inmediato, sino que tambi\u00e9n puede tener efectos persistentes en la productividad general del reba\u00f1o.<\/p>\n<p>Para hacer frente a estos retos, es vital contar con estrategias de gesti\u00f3n eficaces durante el periodo de transici\u00f3n. Entre ellas se incluyen pr\u00e1cticas de control sanitario regulares y exhaustivas, que abarcan la puntuaci\u00f3n de la condici\u00f3n corporal y evaluaciones reproductivas detalladas. El control de la condici\u00f3n corporal ayuda a identificar a las vacas que corren el riesgo de estar sobrecondicionadas y permite realizar los ajustes diet\u00e9ticos oportunos. Del mismo modo, las evaluaciones reproductivas permiten la detecci\u00f3n precoz de posibles problemas de fertilidad, lo que permite una intervenci\u00f3n r\u00e1pida.<\/p>\n<p>Adem\u00e1s de estas medidas, es crucial aplicar un plan nutricional completo adaptado a las necesidades espec\u00edficas de cada vaca durante este periodo. Esto implica garantizar una ingesta energ\u00e9tica adecuada para satisfacer las mayores demandas del final de la gestaci\u00f3n y el principio de la lactaci\u00f3n, evitando al mismo tiempo un exceso de energ\u00eda que conduzca al sobreacondicionamiento.<\/p>\n\n\t\t<\/div> \n\t<\/div> <div class=\"wpb_content_element media_align_left media media_el animate_onoffset\"><div class=\"media_wrapper\" ><img decoding=\"async\" src=\"https:\/\/agqsl.com\/wp-content\/uploads\/2024\/01\/fatty-liver-ewe-toxaemia.jpg\" alt=\"Texto alternativo\" class=\"type_image animated fadeInLeft alignment_left\" \/><\/div><\/div>\n\t\t\t<\/div> \n\t<\/div> \n\n\t<div class=\"vc_col-sm-6 wpb_column column_container\" style=\"\" data-animation=\"none\" data-delay=\"\">\n\t\t\t<div class=\"wpb_wrapper\">\n\t\t\t\t<div class=\"wpb_content_element media_align_left media media_el animate_onoffset\"><div class=\"media_wrapper\" ><img decoding=\"async\" src=\"https:\/\/agqsl.com\/wp-content\/uploads\/2024\/01\/suvrajit-s-slDCGrK8LOM-unsplash-scaled.jpg\" alt=\"Texto alternativo\" class=\"type_image animated fadeInLeft alignment_left\" \/><\/div><\/div><div class=\"wpb_content_element block_title column_title inner-simple\"><h2 class=\"h1\">Toxemia del Gestaci\u00f3n en peque\u00f1os rumiantes<\/h2><\/div>\n\t<div class=\"wpb_text_column wpb_content_element\">\n\t\t<div class=\"wpb_wrapper\" >\n\t\t\t<p>En los peque\u00f1os rumiantes, la amenaza de la toxemia del gestaci\u00f3n al final de la pre\u00f1ez plantea riesgos significativos. Este trastorno metab\u00f3lico, precipitado por un Balance Energ\u00e9tico Negativo (NEB), es el resultado de un aumento de las demandas energ\u00e9ticas y una reducci\u00f3n del apetito, lo que conduce a una menor Ingesta de Materia Seca (DMI). La movilizaci\u00f3n excesiva de grasa, especialmente en animales sobre-acondicionados, provoca una acumulaci\u00f3n de \u00e1cidos grasos no esterificados (NEFA) en el h\u00edgado, lo que desencadena una sobreproducci\u00f3n de cuerpos cet\u00f3nicos. Esto agrava a\u00fan m\u00e1s el problema, al deprimir a\u00fan m\u00e1s el apetito y causar una ca\u00edda dram\u00e1tica en DMI.<\/p>\n<p>Las consecuencias de la toxemia del pre\u00f1ez profundas y polifac\u00e9ticas. Son frecuentes los abortos espont\u00e1neos o la muerte de la oveja\/cabra antes del parto, lo que conlleva la p\u00e9rdida total de la descendencia y la posible p\u00e9rdida de la madre. Las ovejas\/cabras supervivientes sufren a menudo una reducci\u00f3n o deterioro de la producci\u00f3n de leche, con curvas  de lactaci\u00f3n mucho m\u00e1s cortas. El deterioro de su condici\u00f3n corporal tambi\u00e9n conduce a un bajo rendimiento en los ciclos posteriores. La sobrealimentaci\u00f3n durante la recuperaci\u00f3n  provocar que la oveja vuelva a sufrir sobrepeso, lo que aumenta el riesgo de recurrencia en el siguiente periodo de gestaci\u00f3n. En el caso de las ovejas alimentadas con pasto, el estado de debilidad posterior a la toxemia retrasa su vuelta al ciclo de cr\u00eda, lo que las convierte en animales que se descuelgan del reba\u00f1o y atrasan su calendario de cr\u00eda.<\/p>\n\n\t\t<\/div> \n\t<\/div> \n\t\t\t<\/div> \n\t<\/div> \n<\/div><\/div><\/div><div id=\"fws_69e35787c1e0d\" class=\"vc_row wpb_row vc_row-fluid  animate_onoffset row-dynamic-el standard_section\" style=\"\" ><div  style=\"position: absolute;top: 0;\"><\/div><div class=\"container  dark\"><div class=\"section_clear\">\n\t<div class=\"vc_col-sm-12 wpb_column column_container\" style=\"\" data-animation=\"none\" data-delay=\"\">\n\t\t\t<div class=\"wpb_wrapper\">\n\t\t\t\t<div class=\"wpb_tabs wpb_content_element\">\n\t<div class=\"wpb_tabs wpb_content_element\" data-interval=\"\">\n\t\t<div class=\"tabbable tabs-top style_1\">\n\t\t\t<ul class=\"nav nav-tabs\"><li class=\"active\"><a data-toggle=\"tab\" class=\"yes\" href=\"#tab-1704744224771-2-4\">Vacas lecheras<\/a><\/li><li class=\"\"><a data-toggle=\"tab\" class=\"yes\" href=\"#tab-1704917485577-2-10\">Ovejas<\/a><\/li><li class=\"\"><a data-toggle=\"tab\" class=\"yes\" href=\"#tab-1706794898568-3-7\">Cabras<\/a><\/li><\/ul>\n\n\t\t\t<div class=\"tab-content\">\n\t\t\t\t\n\t\t\t<div id=\"tab-1704744224771-2-4\" class=\"tab-pane\">\n\t\t\t\t<div class=\"vc_row wpb_row vc_inner vc_row-fluid\"><div class=\"wpb_column vc_column_container vc_col-sm-4\"><div class=\"vc_column-inner\"><div class=\"wpb_wrapper\"><div class=\"vc_empty_space\"   style=\"height: 95px\"><span class=\"vc_empty_space_inner\"><\/span><\/div><div class=\"services_small wpb_content_element align_right\"><dl class=\"dl-horizontal with_icon\">    <dt><div class=\"wrapper\" style=\"background:#e2a34a;\">        <i class=\"steadysets-icon-battery-charging\" style=\"color:#ffffff;\"><\/i><\/div>    <\/dt>    <dd>        <h4><a href=\"#\">Aumentan las necesidades energ\u00e9ticas<\/a><\/h4>    <div class=\"content\">         <div>Las necesidades energ\u00e9ticas aumentan antes y justo despu\u00e9s del parto<\/div>    <\/div>    <\/dd><\/dl><\/div><div class=\"services_small wpb_content_element align_right\"><dl class=\"dl-horizontal with_icon\">    <dt><div class=\"wrapper\" style=\"background:#e2a34a;\">        <i class=\"steadysets-icon-battery-empty\" style=\"color:#ffffff;\"><\/i><\/div>    <\/dt>    <dd>        <h4><a href=\"#\">Sobreacondicionamiento<\/a><\/h4>    <div class=\"content\">         <div>La prolongaci\u00f3n de los intervalos entre partos con una producci\u00f3n m\u00e1s baja conduce al sobreacondicionamiento de las vacas<\/div>    <\/div>    <\/dd><\/dl><\/div><div class=\"services_small wpb_content_element align_right\"><dl class=\"dl-horizontal with_icon\">    <dt><div class=\"wrapper\" style=\"background:#e2a34a;\">        <i class=\"steadysets-icon-forbidden\" style=\"color:#ffffff;\"><\/i><\/div>    <\/dt>    <dd>        <h4><a href=\"#\">Anovulaci\u00f3n<\/a><\/h4>    <div class=\"content\">         <div>Las vacas que superan con creces el VWP no ciclan (ni rastro de estruos)<\/div>    <\/div>    <\/dd><\/dl><\/div><\/div><\/div><\/div><div class=\"wpb_column vc_column_container vc_col-sm-4\"><div class=\"vc_column-inner\"><div class=\"wpb_wrapper\"><div class=\"vc_empty_space\"   style=\"height: 220px\"><span class=\"vc_empty_space_inner\"><\/span><\/div><div class=\"wpb_content_element media_align_center media media_el animate_onoffset\"><div class=\"media_wrapper\" style=\"width:280px;position:relative; left:50%; margin-left:-140px;\" ><img decoding=\"async\" src=\"https:\/\/agqsl.com\/wp-content\/uploads\/2024\/01\/vaca-diagrama.png\" alt=\"Texto alternativo\" class=\"type_image animated fadeInnone alignment_center\" \/><\/div><\/div><div class=\"vc_empty_space\"   style=\"height: 90px\"><span class=\"vc_empty_space_inner\"><\/span><\/div><\/div><\/div><\/div><div class=\"wpb_column vc_column_container vc_col-sm-4\"><div class=\"vc_column-inner\"><div class=\"wpb_wrapper\"><div class=\"vc_empty_space\"   style=\"height: 95px\"><span class=\"vc_empty_space_inner\"><\/span><\/div><div class=\"services_small wpb_content_element align_left\"><dl class=\"dl-horizontal with_icon\">    <dt><div class=\"wrapper\" style=\"background:#e2a34a;\">        <i class=\"moon-shuffle\" style=\"color:#ffffff;\"><\/i><\/div>    <\/dt>    <dd>        <h4><a href=\"#\">Movilizaci\u00f3n de grasas<\/a><\/h4>    <div class=\"content\">         <div>La movilizaci\u00f3n de grasas para reducir el NEB conduce a trastornos metab\u00f3licos (h\u00edgado graso, cetosis)<\/div>    <\/div>    <\/dd><\/dl><\/div><div class=\"services_small wpb_content_element align_left\"><dl class=\"dl-horizontal with_icon\">    <dt><div class=\"wrapper\" style=\"background:#e2a34a;\">        <i class=\"linecon-icon-food\" style=\"color:#ffffff;\"><\/i><\/div>    <\/dt>    <dd>        <h4><a href=\"#\">IMD deprimido<\/a><\/h4>    <div class=\"content\">         <div>Los trastornos metab\u00f3licos disminuyen a\u00fan m\u00e1s la IMD agravando el NEB<\/div>    <\/div>    <\/dd><\/dl><\/div><div class=\"services_small wpb_content_element align_left\"><dl class=\"dl-horizontal with_icon\">    <dt><div class=\"wrapper\" style=\"background:#e2a34a;\">        <i class=\"moon-spinner-9\" style=\"color:#ffffff;\"><\/i><\/div>    <\/dt>    <dd>        <h4><a href=\"#\">Eje hormonal<\/a><\/h4>    <div class=\"content\">         <div>El NEB grave altera el eje hormonal reproductivo<\/div>    <\/div>    <\/dd><\/dl><\/div><\/div><\/div><\/div><\/div><div class=\"vc_empty_space\"   style=\"height: 50px\"><span class=\"vc_empty_space_inner\"><\/span><\/div>\n\t\t\t<\/div> \n\t\t\t<div id=\"tab-1704917485577-2-10\" class=\"tab-pane\">\n\t\t\t\t<div class=\"vc_row wpb_row vc_inner vc_row-fluid\"><div class=\"wpb_column vc_column_container vc_col-sm-4\"><div class=\"vc_column-inner\"><div class=\"wpb_wrapper\"><div class=\"vc_empty_space\"   style=\"height: 95px\"><span class=\"vc_empty_space_inner\"><\/span><\/div><div class=\"services_small wpb_content_element align_right\"><dl class=\"dl-horizontal with_icon\">    <dt><div class=\"wrapper\" style=\"background:#e2a34a;\">        <i class=\"steadysets-icon-battery-charging\" style=\"color:#ffffff;\"><\/i><\/div>    <\/dt>    <dd>        <h4><a href=\"#\">Aumentan las necesidades energ\u00e9ticas<\/a><\/h4>    <div class=\"content\">         <div>Las necesidades energ\u00e9ticas siguen aumentando<\/div>    <\/div>    <\/dd><\/dl><\/div><div class=\"services_small wpb_content_element align_right\"><dl class=\"dl-horizontal with_icon\">    <dt><div class=\"wrapper\" style=\"background:#e2a34a;\">        <i class=\"steadysets-icon-battery-empty\" style=\"color:#ffffff;\"><\/i><\/div>    <\/dt>    <dd>        <h4><a href=\"#\">DMI se hunde<\/a><\/h4>    <div class=\"content\">         <div>El exceso de cuerpos cet\u00f3nicos deprime a\u00fan m\u00e1s el apetito y provoca una ca\u00edda del IMD<\/div>    <\/div>    <\/dd><\/dl><\/div><div class=\"services_small wpb_content_element align_right\"><dl class=\"dl-horizontal with_icon\">    <dt><div class=\"wrapper\" style=\"background:#e2a34a;\">        <i class=\"steadysets-icon-forbidden\" style=\"color:#ffffff;\"><\/i><\/div>    <\/dt>    <dd>        <h4><a href=\"#\">H\u00edgado graso<\/a><\/h4>    <div class=\"content\">         <div>El h\u00edgado se llena de NEFA* provocando un exceso de producci\u00f3n de cuerpos cet\u00f3nicos<\/div>    <\/div>    <\/dd><\/dl><\/div><\/div><\/div><\/div><div class=\"wpb_column vc_column_container vc_col-sm-4\"><div class=\"vc_column-inner\"><div class=\"wpb_wrapper\"><div class=\"vc_empty_space\"   style=\"height: 180px\"><span class=\"vc_empty_space_inner\"><\/span><\/div><div class=\"wpb_content_element media_align_center media media_el animate_onoffset\"><div class=\"media_wrapper\" style=\"width:280px;position:relative; left:50%; margin-left:-140px;\" ><img decoding=\"async\" src=\"https:\/\/agqsl.com\/wp-content\/uploads\/2024\/01\/oveja-diagrama.png\" alt=\"Texto alternativo\" class=\"type_image animated fadeInnone alignment_center\" \/><\/div><\/div><div class=\"vc_empty_space\"   style=\"height: 90px\"><span class=\"vc_empty_space_inner\"><\/span><\/div><\/div><\/div><\/div><div class=\"wpb_column vc_column_container vc_col-sm-4\"><div class=\"vc_column-inner\"><div class=\"wpb_wrapper\"><div class=\"vc_empty_space\"   style=\"height: 95px\"><span class=\"vc_empty_space_inner\"><\/span><\/div><div class=\"services_small wpb_content_element align_left\"><dl class=\"dl-horizontal with_icon\">    <dt><div class=\"wrapper\" style=\"background:#e2a34a;\">        <i class=\"linecon-icon-food\" style=\"color:#ffffff;\"><\/i><\/div>    <\/dt>    <dd>        <h4><a href=\"#\">IMD deprimido<\/a><\/h4>    <div class=\"content\">         <div>La reducci\u00f3n del apetito y la disminuci\u00f3n de la IMD reducen el aporte energ\u00e9tico<\/div>    <\/div>    <\/dd><\/dl><\/div><div class=\"services_small wpb_content_element align_left\"><dl class=\"dl-horizontal with_icon\">    <dt><div class=\"wrapper\" style=\"background:#e2a34a;\">        <i class=\"moon-spinner-9\" style=\"color:#ffffff;\"><\/i><\/div>    <\/dt>    <dd>        <h4><a href=\"#\">Puesta en marcha del BNE<\/a><\/h4>    <div class=\"content\">         <div>Aparece el Balance Energ\u00e9tico Negativo (NEB)<\/div>    <\/div>    <\/dd><\/dl><\/div><div class=\"services_small wpb_content_element align_left\"><dl class=\"dl-horizontal with_icon\">    <dt><div class=\"wrapper\" style=\"background:#e2a34a;\">        <i class=\"moon-shuffle\" style=\"color:#ffffff;\"><\/i><\/div>    <\/dt>    <dd>        <h4><a href=\"#\">Movilizaci\u00f3n de grasas<\/a><\/h4>    <div class=\"content\">         <div>Movilizaci\u00f3n excesiva de grasa (especialmente cuando se est\u00e1 sobreacondicionado)<\/div>    <\/div>    <\/dd><\/dl><\/div><\/div><\/div><\/div><\/div><div class=\"vc_empty_space\"   style=\"height: 50px\"><span class=\"vc_empty_space_inner\"><\/span><\/div>\n\t\t\t<\/div> \n\t\t\t<div id=\"tab-1706794898568-3-7\" class=\"tab-pane\">\n\t\t\t\t<div class=\"vc_row wpb_row vc_inner vc_row-fluid\"><div class=\"wpb_column vc_column_container vc_col-sm-4\"><div class=\"vc_column-inner\"><div class=\"wpb_wrapper\"><div class=\"vc_empty_space\"   style=\"height: 95px\"><span class=\"vc_empty_space_inner\"><\/span><\/div><div class=\"services_small wpb_content_element align_right\"><dl class=\"dl-horizontal with_icon\">    <dt><div class=\"wrapper\" style=\"background:#e2a34a;\">        <i class=\"steadysets-icon-battery-charging\" style=\"color:#ffffff;\"><\/i><\/div>    <\/dt>    <dd>        <h4><a href=\"#\">Aumentan las necesidades energ\u00e9ticas<\/a><\/h4>    <div class=\"content\">         <div>Las necesidades energ\u00e9ticas siguen aumentando<\/div>    <\/div>    <\/dd><\/dl><\/div><div class=\"services_small wpb_content_element align_right\"><dl class=\"dl-horizontal with_icon\">    <dt><div class=\"wrapper\" style=\"background:#e2a34a;\">        <i class=\"steadysets-icon-battery-empty\" style=\"color:#ffffff;\"><\/i><\/div>    <\/dt>    <dd>        <h4><a href=\"#\">DMI se hunde<\/a><\/h4>    <div class=\"content\">         <div>El exceso de cuerpos cet\u00f3nicos deprime a\u00fan m\u00e1s el apetito y provoca una ca\u00edda del IMD<\/div>    <\/div>    <\/dd><\/dl><\/div><div class=\"services_small wpb_content_element align_right\"><dl class=\"dl-horizontal with_icon\">    <dt><div class=\"wrapper\" style=\"background:#e2a34a;\">        <i class=\"steadysets-icon-forbidden\" style=\"color:#ffffff;\"><\/i><\/div>    <\/dt>    <dd>        <h4><a href=\"#\">H\u00edgado graso<\/a><\/h4>    <div class=\"content\">         <div>El h\u00edgado se llena de NEFA* provocando un exceso de producci\u00f3n de cuerpos cet\u00f3nicos<\/div>    <\/div>    <\/dd><\/dl><\/div><\/div><\/div><\/div><div class=\"wpb_column vc_column_container vc_col-sm-4\"><div class=\"vc_column-inner\"><div class=\"wpb_wrapper\"><div class=\"vc_empty_space\"   style=\"height: 180px\"><span class=\"vc_empty_space_inner\"><\/span><\/div><div class=\"wpb_content_element media_align_center media media_el animate_onoffset\"><div class=\"media_wrapper\" style=\"width:280px;position:relative; left:50%; margin-left:-140px;\" ><img decoding=\"async\" src=\"https:\/\/agqsl.com\/wp-content\/uploads\/2024\/01\/cabra-diagrama.png\" alt=\"Texto alternativo\" class=\"type_image animated fadeInnone alignment_center\" \/><\/div><\/div><div class=\"vc_empty_space\"   style=\"height: 90px\"><span class=\"vc_empty_space_inner\"><\/span><\/div><\/div><\/div><\/div><div class=\"wpb_column vc_column_container vc_col-sm-4\"><div class=\"vc_column-inner\"><div class=\"wpb_wrapper\"><div class=\"vc_empty_space\"   style=\"height: 95px\"><span class=\"vc_empty_space_inner\"><\/span><\/div><div class=\"services_small wpb_content_element align_left\"><dl class=\"dl-horizontal with_icon\">    <dt><div class=\"wrapper\" style=\"background:#e2a34a;\">        <i class=\"linecon-icon-food\" style=\"color:#ffffff;\"><\/i><\/div>    <\/dt>    <dd>        <h4><a href=\"#\">IMD deprimido<\/a><\/h4>    <div class=\"content\">         <div>La reducci\u00f3n del apetito y la disminuci\u00f3n de la IMD reducen el aporte energ\u00e9tico<\/div>    <\/div>    <\/dd><\/dl><\/div><div class=\"services_small wpb_content_element align_left\"><dl class=\"dl-horizontal with_icon\">    <dt><div class=\"wrapper\" style=\"background:#e2a34a;\">        <i class=\"moon-spinner-9\" style=\"color:#ffffff;\"><\/i><\/div>    <\/dt>    <dd>        <h4><a href=\"#\">Puesta en marcha del BNE<\/a><\/h4>    <div class=\"content\">         <div>Aparece el Balance Energ\u00e9tico Negativo (NEB)<\/div>    <\/div>    <\/dd><\/dl><\/div><div class=\"services_small wpb_content_element align_left\"><dl class=\"dl-horizontal with_icon\">    <dt><div class=\"wrapper\" style=\"background:#e2a34a;\">        <i class=\"moon-shuffle\" style=\"color:#ffffff;\"><\/i><\/div>    <\/dt>    <dd>        <h4><a href=\"#\">Movilizaci\u00f3n de grasas<\/a><\/h4>    <div class=\"content\">         <div>Movilizaci\u00f3n excesiva de grasa (especialmente cuando se est\u00e1 sobreacondicionado)<\/div>    <\/div>    <\/dd><\/dl><\/div><\/div><\/div><\/div><\/div><div class=\"vc_empty_space\"   style=\"height: 50px\"><span class=\"vc_empty_space_inner\"><\/span><\/div>\n\t\t\t<\/div> \n\t\t\t<\/div>\n\t\t<\/div> \n\t<\/div> <\/div>\n\t\t\t<\/div> \n\t<\/div> \n<\/div><\/div><\/div><div id=\"fws_69e35787c463f\" class=\"vc_row wpb_row vc_row-fluid  animate_onoffset row-dynamic-el section-style\" style=\"background-color: #343434; padding-top: 35px ; padding-bottom: 35px ; \" ><div  style=\"position: absolute;top: 0;\"><\/div><span class=\"arrow_top\" style=\"border-color: transparent transparent #343434 transparent;\"><\/span><div class=\"container  light\"><div class=\"section_clear\">\n\t<div class=\"vc_col-sm-12 wpb_column column_container\" style=\"\" data-animation=\"none\" data-delay=\"\">\n\t\t\t<div class=\"wpb_wrapper\">\n\t\t\t\t<div class=\"textbar style_1 wpb_content_element\"><h2>\u00bfProblemas con el periodo de transici\u00f3n? P\u00f3ngase en contacto con nosotros<\/h2><a href=\"http:\/\/172.233.111.100\/contact\/\" class=\"btn-bt default\"><span>Hable con nosotros<\/span><i class=\"moon-phone-4\"><\/i><\/a><\/div>\n\t\t\t<\/div> \n\t<\/div> \n<\/div><\/div><\/div>\n<\/div>","protected":false},"excerpt":{"rendered":"Transition Period, Negative Energy Balance (NEB) &amp; Energy Efficiency In the realm of livestock farming, understanding and managing the energy balance in ruminants, especially during critical periods like pre-calving, is fundamental to maintaining animal health and farm productivity. The pre-calving period is marked by a complex interplay between the animal's increasing energy needs and its [...]","protected":false},"author":4,"featured_media":0,"parent":0,"menu_order":51,"comment_status":"closed","ping_status":"closed","template":"","meta":{"footnotes":""},"class_list":["post-2916","page","type-page","status-publish","hentry"],"_links":{"self":[{"href":"https:\/\/agqsl.com\/es\/wp-json\/wp\/v2\/pages\/2916","targetHints":{"allow":["GET"]}}],"collection":[{"href":"https:\/\/agqsl.com\/es\/wp-json\/wp\/v2\/pages"}],"about":[{"href":"https:\/\/agqsl.com\/es\/wp-json\/wp\/v2\/types\/page"}],"author":[{"embeddable":true,"href":"https:\/\/agqsl.com\/es\/wp-json\/wp\/v2\/users\/4"}],"replies":[{"embeddable":true,"href":"https:\/\/agqsl.com\/es\/wp-json\/wp\/v2\/comments?post=2916"}],"version-history":[{"count":13,"href":"https:\/\/agqsl.com\/es\/wp-json\/wp\/v2\/pages\/2916\/revisions"}],"predecessor-version":[{"id":3030,"href":"https:\/\/agqsl.com\/es\/wp-json\/wp\/v2\/pages\/2916\/revisions\/3030"}],"wp:attachment":[{"href":"https:\/\/agqsl.com\/es\/wp-json\/wp\/v2\/media?parent=2916"}],"curies":[{"name":"wp","href":"https:\/\/api.w.org\/{rel}","templated":true}]}}