{"id":2962,"date":"2024-01-11T10:38:17","date_gmt":"2024-01-11T09:38:17","guid":{"rendered":"https:\/\/www.agqsl.com\/terms-of-service-copy\/"},"modified":"2024-01-11T11:59:56","modified_gmt":"2024-01-11T10:59:56","slug":"cookies","status":"publish","type":"page","link":"https:\/\/agqsl.com\/es\/galletas\/","title":{"rendered":"Cookies"},"content":{"rendered":"<div class=\"wpb-content-wrapper\"><div id=\"fws_69f127793defa\" class=\"vc_row wpb_row vc_row-fluid  animate_onoffset row-dynamic-el standard_section\" style=\"\" ><div  style=\"position: absolute;top: 0;\"><\/div><div class=\"container  dark\"><div class=\"section_clear\">\n\t<div class=\"vc_col-sm-12 wpb_column column_container\" style=\"\" data-animation=\"none\" data-delay=\"\">\n\t\t\t<div class=\"wpb_wrapper\">\n\t\t\t\t<div class=\"wpb_content_element block_title section_title inner-square\"><h2 class=\"h1\">POL\u00cdTICA DE COOKIES<\/h2><span class=\"divider\"><span class=\"line\"><\/span><span class=\"circle\"><\/span><span class=\"line\"><\/span><\/span><\/div>\n\t<div class=\"wpb_text_column wpb_content_element\">\n\t\t<div class=\"wpb_wrapper\" >\n\t\t\t<p><small><strong>\u00daltima actualizaci\u00f3n: 3<sup>rd<\/sup>Enero de 2024<\/strong><\/small><\/p>\n<p>AGQ Nutrition (AGQ S.L.) (\"nosotros\" o \"nuestro\") utiliza cookies en nuestro sitio web (el \"Servicio\"). Al utilizar el Servicio, usted acepta el uso de cookies.<\/p>\n<p>Nuestra Pol\u00edtica de cookies explica qu\u00e9 son las cookies, c\u00f3mo las utilizamos, c\u00f3mo terceros con los que nos asociamos pueden utilizar cookies en el Servicio, sus opciones en relaci\u00f3n con las cookies y m\u00e1s informaci\u00f3n sobre las cookies.<\/p>\n\n\t\t<\/div> \n\t<\/div> <div class=\"vc_custom_heading wpb_content_element\" ><h2 style=\"text-align: left\" >QU\u00c9 SON LAS COOKIES<\/h2><\/div>\n\t<div class=\"wpb_text_column wpb_content_element\">\n\t\t<div class=\"wpb_wrapper\" >\n\t\t\t<p>Este sitio web utiliza Google Analytics, un servicio anal\u00edtico de web prestado por Google, Inc. (\"Google\"). Google Analytics utiliza \"cookies\", que son archivos de texto ubicados en su ordenador, para ayudar al website a analizar el uso que hacen los usuarios del sitio web. La informaci\u00f3n que genera la cookie acerca de su uso del website ser\u00e1 directamente transmitida y archivada por Google en los servidores de Estados Unidos.<\/p>\n<p>En caso de que se active la anonimizaci\u00f3n de IP en este sitio web, su direcci\u00f3n IP se truncar\u00e1 dentro del \u00e1rea de los Estados miembros de la Uni\u00f3n Europea u otras partes del Acuerdo sobre el Espacio Econ\u00f3mico Europeo. S\u00f3lo en casos excepcionales, la direcci\u00f3n IP completa se transferir\u00e1 primero a un servidor de Google en EE.UU. y se truncar\u00e1 all\u00ed. La anonimizaci\u00f3n de IP est\u00e1 activa en este sitio web.<\/p>\n<p>Las cookies son peque\u00f1os fragmentos de texto enviados por su navegador web por un sitio web que usted visita. Un archivo cookie se almacena en su navegador y permite al Servicio o a un tercero reconocerle y facilitar su pr\u00f3xima visita y hacer que el Servicio le resulte m\u00e1s \u00fatil.<\/p>\n<p>Las cookies pueden ser \"persistentes\" o \"de sesi\u00f3n\".<\/p>\n\n\t\t<\/div> \n\t<\/div> <div class=\"vc_custom_heading wpb_content_element\" ><h2 style=\"text-align: left\" >C\u00d3MO UTILIZA AGQ NUTRITION LAS COOKIES<\/h2><\/div>\n\t<div class=\"wpb_text_column wpb_content_element\">\n\t\t<div class=\"wpb_wrapper\" >\n\t\t\t<p>Cuando usted utiliza y accede al Servicio, podemos colocar varios archivos cookie en su navegador web.<\/p>\n<p>Utilizamos cookies con los siguientes fines: habilitar determinadas funciones del Servicio, proporcionar an\u00e1lisis, almacenar sus preferencias y permitir el env\u00edo de publicidad, incluida la publicidad basada en el comportamiento.<\/p>\n<p>En el Servicio utilizamos tanto cookies de sesi\u00f3n como persistentes, y utilizamos diferentes tipos de cookies para hacer funcionar el Servicio:<\/p>\n<p>- Cookies esenciales. Podemos utilizar cookies esenciales para autenticar a los usuarios y evitar el uso fraudulento de las cuentas de usuario.<\/p>\n<p>Cookies de terceros<\/p>\n<p>Adem\u00e1s de nuestras propias cookies, tambi\u00e9n podemos utilizar cookies de terceros para elaborar estad\u00edsticas de uso del Servicio, ofrecer publicidad en y a trav\u00e9s del Servicio, etc.<\/p>\n\n\t\t<\/div> \n\t<\/div> <div class=\"vc_custom_heading wpb_content_element\" ><h2 style=\"text-align: left\" >\u00bfQU\u00c9 OPCIONES TIENE EN RELACI\u00d3N CON LAS COOKIES?<\/h2><\/div>\n\t<div class=\"wpb_text_column wpb_content_element\">\n\t\t<div class=\"wpb_wrapper\" >\n\t\t\t<p>Si desea eliminar las cookies o indicar a su navegador que las elimine o rechace, visite las p\u00e1ginas de ayuda de su navegador.<\/p>\n<p>No obstante, tenga en cuenta que si borra las cookies o se niega a aceptarlas, es posible que no pueda utilizar todas las funciones que ofrecemos, que no pueda almacenar sus preferencias y que algunas de nuestras p\u00e1ginas no se muestren correctamente.<\/p>\n\n\t\t<\/div> \n\t<\/div> <div class=\"vc_custom_heading wpb_content_element\" ><h2 style=\"text-align: left\" >GOOGLE ANALYTICS<\/h2><\/div>\n\t<div class=\"wpb_text_column wpb_content_element\">\n\t\t<div class=\"wpb_wrapper\" >\n\t\t\t<p>Este sitio web utiliza Google Analytics, un servicio anal\u00edtico de web prestado por Google, Inc. (\"Google\"). Google Analytics utiliza \"cookies\", que son archivos de texto ubicados en su ordenador, para ayudar al website a analizar el uso que hacen los usuarios del sitio web. La informaci\u00f3n que genera la cookie acerca de su uso del website ser\u00e1 directamente transmitida y archivada por Google en los servidores de Estados Unidos.<\/p>\n<p>En caso de que se active la anonimizaci\u00f3n de IP en este sitio web, su direcci\u00f3n IP se truncar\u00e1 dentro del \u00e1rea de los Estados miembros de la Uni\u00f3n Europea u otras partes del Acuerdo sobre el Espacio Econ\u00f3mico Europeo. S\u00f3lo en casos excepcionales, la direcci\u00f3n IP completa se transferir\u00e1 primero a un servidor de Google en EE.UU. y se truncar\u00e1 all\u00ed. La anonimizaci\u00f3n de IP est\u00e1 activa en este sitio web.<\/p>\n<p>Google usar\u00e1 esta informaci\u00f3n por cuenta del operador de este sitio web con el prop\u00f3sito de seguir la pista de su uso del website, recopilando informes de la actividad del website y prestando otros servicios relacionados con la actividad del website y el uso de Internet.<\/p>\n<p>La direcci\u00f3n IP transmitida por su navegador en el marco de Google Analytics no se asociar\u00e1 a ning\u00fan otro dato del que disponga Google. Puede Usted rechazar el tratamiento de los datos o la informaci\u00f3n rechazando el uso de cookies mediante la selecci\u00f3n de la configuraci\u00f3n apropiada de su navegador, sin embargo, debe Usted saber que si lo hace puede ser que no pueda usar la plena funcionabilidad de este website. Tambi\u00e9n puede optar por no ser rastreado por Google Analytics con efecto para el futuro mediante la descarga e instalaci\u00f3n de\u00a0<a href=\"http:\/\/tools.google.com\/dlpage\/gaoptout?hl=en.\">Complemento de inhabilitaci\u00f3n para navegadores de Google Analytics<\/a>\u00a0as\u00ed como complementos de terceros para su navegador web actual, as\u00ed como servicios VPN por Proxy que impiden el seguimiento de las solicitudes IP de origen.<\/p>\n\n\t\t<\/div> \n\t<\/div> <div class=\"vc_custom_heading wpb_content_element\" ><h2 style=\"text-align: left\" >\u00bfD\u00d3NDE PUEDE ENCONTRAR M\u00c1S INFORMACI\u00d3N SOBRE LAS COOKIES?<\/h2><\/div>\n\t<div class=\"wpb_text_column wpb_content_element\">\n\t\t<div class=\"wpb_wrapper\" >\n\t\t\t<p>Puede obtener m\u00e1s informaci\u00f3n sobre las cookies y los siguientes sitios web de terceros:<\/p>\n<ul>\n<li>AllAboutCookies: http:\/\/www.allaboutcookies.org\/<\/li>\n<li>Iniciativa de Publicidad en Red: http:\/\/www.networkadvertising.org\/<\/li>\n<\/ul>\n<p>A menos que se defina lo contrario en esta Pol\u00edtica de Cookies, los t\u00e9rminos utilizados en esta Pol\u00edtica de Privacidad tienen el mismo significado que en nuestros T\u00e9rminos y Condiciones, accesibles en Pol\u00edtica de Privacidad y Condiciones Comerciales.<\/p>\n\n\t\t<\/div> \n\t<\/div> \n\t\t\t<\/div> \n\t<\/div> \n<\/div><\/div><\/div>\n<\/div>","protected":false},"excerpt":{"rendered":"COOKIES POLICY Last updated: 3rd,\u00a0January 2024 AGQ Nutrition (AGQ S.L.) (\"us\", \"we\", or \"our\") uses cookies on our Website (the \"Service\"). By using the Service, you consent to the use of cookies. Our Cookies Policy explains what cookies are, how we use cookies, how\u00a0third parties we may partner with may use cookies on the Service, [...]","protected":false},"author":4,"featured_media":0,"parent":0,"menu_order":19,"comment_status":"closed","ping_status":"closed","template":"","meta":{"footnotes":""},"class_list":["post-2962","page","type-page","status-publish","hentry"],"_links":{"self":[{"href":"https:\/\/agqsl.com\/es\/wp-json\/wp\/v2\/pages\/2962","targetHints":{"allow":["GET"]}}],"collection":[{"href":"https:\/\/agqsl.com\/es\/wp-json\/wp\/v2\/pages"}],"about":[{"href":"https:\/\/agqsl.com\/es\/wp-json\/wp\/v2\/types\/page"}],"author":[{"embeddable":true,"href":"https:\/\/agqsl.com\/es\/wp-json\/wp\/v2\/users\/4"}],"replies":[{"embeddable":true,"href":"https:\/\/agqsl.com\/es\/wp-json\/wp\/v2\/comments?post=2962"}],"version-history":[{"count":5,"href":"https:\/\/agqsl.com\/es\/wp-json\/wp\/v2\/pages\/2962\/revisions"}],"predecessor-version":[{"id":2976,"href":"https:\/\/agqsl.com\/es\/wp-json\/wp\/v2\/pages\/2962\/revisions\/2976"}],"wp:attachment":[{"href":"https:\/\/agqsl.com\/es\/wp-json\/wp\/v2\/media?parent=2962"}],"curies":[{"name":"wp","href":"https:\/\/api.w.org\/{rel}","templated":true}]}}